{"id":1535,"date":"2024-02-02T11:31:39","date_gmt":"2024-02-02T10:31:39","guid":{"rendered":"https:\/\/www.diocesilucca.it\/missioni\/?page_id=1535"},"modified":"2025-02-28T11:45:36","modified_gmt":"2025-02-28T10:45:36","slug":"giovani","status":"publish","type":"page","link":"https:\/\/www.diocesilucca.it\/missioni\/giovani\/","title":{"rendered":"Giovani"},"content":{"rendered":"\n<h2 class=\"wp-block-heading has-text-align-center\">Quaresima missionaria per i giovani <\/h2>\n\n\n\n<ul class=\"wp-block-list\">\n<li><strong>Percorso di animazione missionaria per giovani:<\/strong>\u00a0proposta di animazione dal titolo \u201c<em>Testimonia<\/em>\u201d che ci vede anche entrare a pieno nel Giubileo 2025, un percorso che si sviluppa su 7 schede tematiche per vivere la Missione come una gioia da condividere con gli altri. Perch\u00e9 &#8220;<em>Questo dono non \u00e8 per noi soltanto, ma \u00e8 destinato ad essere condiviso con tutti&#8221;<\/em>. Ogni scheda \u00e8 composta da\u00a0<strong> testimonianze<\/strong>,\u00a0<strong>strumenti di animazione<\/strong>\u00a0per confrontarsi e lavorare in gruppo,\u00a0<strong>Parola e preghiera<\/strong>, azioni\u00a0<strong>concrete. <\/strong> <strong>Per scaricare il materiale vai su\u00a0<\/strong><a href=\"https:\/\/www.missioitalia.it\/testimonia\/\">https:\/\/www.missioitalia.it\/testimonia\/<\/a><\/li>\n<\/ul>\n\n\n\n<hr class=\"wp-block-separator has-alpha-channel-opacity\" \/>\n\n\n\n<ul class=\"wp-block-list\">\n<li><strong>Corso \u201cAd Occhi Aperti\u201d per prepararsi ad una esperienza in terra di missione.<\/strong>\u00a0<a href=\"https:\/\/www.diocesilucca.it\/missioni\/formazione\/\" target=\"_blank\" rel=\"noreferrer noopener\">Clicca qui<\/a><\/li>\n<\/ul>\n\n\n\n<p><\/p>\n","protected":false},"excerpt":{"rendered":"<p>Quaresima missionaria per i giovani<\/p>\n","protected":false},"author":9,"featured_media":0,"parent":0,"menu_order":0,"comment_status":"closed","ping_status":"closed","template":"","meta":{"footnotes":""},"class_list":["post-1535","page","type-page","status-publish","hentry"],"_links":{"self":[{"href":"https:\/\/www.diocesilucca.it\/missioni\/wp-json\/wp\/v2\/pages\/1535","targetHints":{"allow":["GET"]}}],"collection":[{"href":"https:\/\/www.diocesilucca.it\/missioni\/wp-json\/wp\/v2\/pages"}],"about":[{"href":"https:\/\/www.diocesilucca.it\/missioni\/wp-json\/wp\/v2\/types\/page"}],"author":[{"embeddable":true,"href":"https:\/\/www.diocesilucca.it\/missioni\/wp-json\/wp\/v2\/users\/9"}],"replies":[{"embeddable":true,"href":"https:\/\/www.diocesilucca.it\/missioni\/wp-json\/wp\/v2\/comments?post=1535"}],"version-history":[{"count":10,"href":"https:\/\/www.diocesilucca.it\/missioni\/wp-json\/wp\/v2\/pages\/1535\/revisions"}],"predecessor-version":[{"id":1804,"href":"https:\/\/www.diocesilucca.it\/missioni\/wp-json\/wp\/v2\/pages\/1535\/revisions\/1804"}],"wp:attachment":[{"href":"https:\/\/www.diocesilucca.it\/missioni\/wp-json\/wp\/v2\/media?parent=1535"}],"curies":[{"name":"wp","href":"https:\/\/api.w.org\/{rel}","templated":true}]}}