{"id":54,"date":"2015-09-15T16:48:29","date_gmt":"2015-09-15T14:48:29","guid":{"rendered":"http:\/\/diocesi.zurolo.com\/famiglia\/?page_id=54"},"modified":"2020-11-08T19:38:50","modified_gmt":"2020-11-08T18:38:50","slug":"servizio-dellufficio","status":"publish","type":"page","link":"https:\/\/www.diocesilucca.it\/famiglia\/servizio-dellufficio\/","title":{"rendered":"Servizio"},"content":{"rendered":"<p><strong>UFFICIO DIOCESANO <\/strong><strong><br \/>\nPER LA PASTORALE DELLA FAMIGLIA (UPF)<\/strong><\/p>\n<p><strong>REGOLAMENTO<\/strong><\/p>\n<ol>\n<li><strong>Natura<\/strong><\/li>\n<\/ol>\n<p>L\u2019<em>Ufficio diocesano per la pastorale della famiglia <\/em>(UPF) \u00e8 l\u2019organismo per la cura e la promozione della pastorale diocesana a favore del matrimonio, della famiglia e dell&#8217;evangelizzazione della cultura della vita umana<\/p>\n<ol start=\"2\">\n<li><strong> Finalit\u00e0 e compiti<\/strong><\/li>\n<\/ol>\n<p>L\u2019UPF opera in riferimento al magistero pontificio, agli orientamenti della CEI, alle scelte pastorali indicate nel Libro sinodale della Chiesa di Lucca (<em>La famiglia in cammino di fede e di santit\u00e0<\/em>, nn. 232-249 ) e ai documenti pastorali diocesani, per coordinare e promuovere le iniziative che favoriscano la nascita, lo sviluppo e la missione della famiglia \u201cquale comunit\u00e0 di vita e d\u2019amore\u201d (<em>GS<\/em> 48 ), con speciale riguardo all\u2019educazione all\u2019affettivit\u00e0, all\u2019accompagnamento dei fidanzati e dei giovani sposi, alle situazioni di sofferenza, alla procreazione responsabile e alla difesa della vita dal concepimento fino alla morte naturale.<\/p>\n<p>L\u2019attuazione di tali finalit\u00e0 si realizza mediante un serie di azioni, da definire in un Progetto diocesano di pastorale familiare, che va elaborato o rivisto all\u2019inizio del quinquennio di mandato, per sottoporlo al Consiglio pastorale diocesano e al Consiglio presbiterale diocesano:<\/p>\n<ol>\n<li>sostenere e coordinare le azioni ecclesiali di pastorale familiare, sia nelle comunit\u00e0 territoriali che di aggregazioni laicali<\/li>\n<li>sostenere e coordinare le iniziative ecclesiali o di ispirazione cristiana a servizio della famiglia e della vita, a cominciare dai consultori familiari e dai centri per i metodi naturali di regolazione della fertilit\u00e0;<\/li>\n<li>offrire orientamenti e sussidi alle comunit\u00e0 parrocchiali;<\/li>\n<li>curare la formazione degli operatori di pastorale familiare;<\/li>\n<li>realizzare e promuovere iniziative e percorsi diocesani, anche in collaborazione con gli altri uffici pastorali;<\/li>\n<li>garantire l\u2019accompagnamento dei fidanzati, dagli inizi del loro cammino fino alla preparazione e alla celebrazione del sacramento;<\/li>\n<li>offrire servizi di accompagnamento ai giovani sposi, mediante itinerari post-matrimoniali, anche di carattere associativo;<\/li>\n<li>accompagnare i genitori al battesimo dei figli, mediante l\u2019offerta di percorsi di preparazione e di itinerari post-battesimali (0-6 anni);<\/li>\n<li>promuovere con sussidi e proposte l\u2019educazione all\u2019affettivit\u00e0, sin dalle prime et\u00e0 della vita;<\/li>\n<li>predisporre itinerari per coppie in situazione di sofferenza, secondo le indicazioni di <em>Amoris laetitia<\/em>, con l\u2019offerta di percorsi dedicati;<\/li>\n<li>garantire l\u2019accompagnamento delle persone omosessuali, con l\u2019offerta di percorsi dedicati;<\/li>\n<li>promuovere lo studio delle questioni morali, religiose e sociali che interessano la vita coniugale e familiare, alla luce della dottrina della Chiesa\u00a0 e tenendo conto delle leggi vigenti e della loro evoluzione;<\/li>\n<li>promuovere la cultura della procreazione responsabile, con particolare attenzione alla diffusione della conoscenza dei metodi naturali;<\/li>\n<li>promuovere la cultura della difesa della vita umana dal concepimento fino alla morte naturale;<\/li>\n<li>curare il confronto e il dialogo con le istituzioni e le diverse realt\u00e0 culturali e sociali sui temi riguardanti la famiglia e la vita, con speciale attenzione al mondo della scuola;<\/li>\n<li>prestare attenzione critica alle politiche familiari locali e alle iniziative regionali riguardanti la famiglia e la vita.<\/li>\n<\/ol>\n<ol start=\"3\">\n<li><strong> Rapporti<\/strong><\/li>\n<\/ol>\n<p>L&#8217;UPF partecipa alla Commissione Regionale per la Famiglia; collabora con le istituzioni e gli organismi che operano a favore della famiglia nella Provincia di Lucca.<\/p>\n<p>L\u2019UPF collabora con gli altri uffici pastorali nei campi di comune interesse; insieme con il servizio per la pastorale giovanile e vocazionale redige il <em>Progetto pastorale diocesano per l\u2019et\u00e0 evolutiva<\/em>.<\/p>\n<ol start=\"4\">\n<li><strong> Direttori e vicedirettori<\/strong><\/li>\n<\/ol>\n<p>La direzione del\u2019 UPF \u00e8 affidata solidalmente a un chierico e a una coppia di sposi, nominati dall\u2019arcivescovo, che rimangono in carica cinque anni e possono essere riconfermati una sola volta.<\/p>\n<p>Per ciascuna delle aree pastorali della diocesi, l\u2019arcivescovo nomina un chierico e una coppia di come vicedirettori; essi rimangono in carica cinque anni e posso essere riconfermati una sola volta.<\/p>\n<ol start=\"5\">\n<li><strong> \u00c9quipe diocesana<\/strong><\/li>\n<\/ol>\n<p>L\u2019equipe diocesana dell\u2019UPF \u00e8 composta dai direttori, dai vicedirettori, dall\u2019eventuale personale dipendente e da alcuni volontari scelti tra le persone esperte e disponibili. Si riunisce almeno una volta al mese. Ha il compito di:<\/p>\n<ul>\n<li>curare l\u2019attuazione delle attivit\u00e0 diocesane per l\u2019evangelizzazione e la catechesi;<\/li>\n<li>preparare, promuovere, celebrare e verificare gli eventi diocesani di pastorale familiare;<\/li>\n<li>elaborare e diffondere sussidi e progetti;<\/li>\n<li>collaborare con gli altri uffici pastorali a progetti comuni;<\/li>\n<li>mantenere i contatti con il territorio e con gli organismi del proprio ambito pastorale.<\/li>\n<\/ul>\n<p>Ai direttori diocesani spetta il compito anche del: segretario,anche amministrativo, e del responsabile della comunicazione<\/p>\n<p>Al segretario compete:<\/p>\n<ul>\n<li style=\"list-style-type: none\">\n<ul>\n<li>curare il funzionamento generale dell\u2019UPF, soprattutto per ci\u00f2 che attiene ai documenti, alla corrispondenza e alla cassa;<\/li>\n<li>diramare le convocazioni delle riunioni anche richieste dai vicedirettori di area e redigere i relativi verbali;<\/li>\n<li>presentare all\u2019economato diocesano, nei tempi previsti, il bilancio preventivo e consuntivo dell\u2019UEC, per ci\u00f2 che attiene i fondi diocesani.<\/li>\n<\/ul>\n<\/li>\n<\/ul>\n<ul>\n<li>concordare con l\u2019economo diocesano il reperimento di fondi derivanti da finanziamenti o progetti.<\/li>\n<\/ul>\n<p>Al responsabile della comunicazione compete:<\/p>\n<ul>\n<li style=\"list-style-type: none\">\n<ul>\n<li>curare la comunicazione con i parroci, le associazioni di ambito, i referenti locali della pastorale familiare e l\u2019intera diocesi;<\/li>\n<li>gestire, d\u2019intesa con l\u2019ufficio diocesano per le comunicazioni sociali, il database dei contatti dell\u2019ufficio, all\u2019interno del database diocesano e nel rispetto delle norme sulla privacy;<\/li>\n<\/ul>\n<\/li>\n<\/ul>\n<ul>\n<li>inviare tempestivamente ai media diocesani e all\u2019ufficio diocesano per le comunicazioni sociali informazioni e materiali sulle iniziative che si intendono promuovere, per l\u2019opportuna diffusione.<\/li>\n<\/ul>\n<ul>\n<li>concertare con l\u2019addetto stampa della diocesi, nei contenuti e nelle modalit\u00e0, eventuali prese di posizioni ufficiali.<\/li>\n<\/ul>\n<ol start=\"6\">\n<li><strong> Equipe di area <\/strong><\/li>\n<\/ol>\n<p>Ciascuna \u00e9quipe di area \u00e8 composta dai vicedirettori e da persone esperte e disponibili, individuate nel territorio insieme al vicario episcopale. In accordo con il medesimo, ha il compito di:<\/p>\n<ul>\n<li>curare i rapporti con le parrocchie e gli operatori pastorali:<\/li>\n<li>declinare le proposte dell\u2019UPF secondo le caratteristiche dell\u2019area;<\/li>\n<li>proporre itinerari e iniziative di area.<\/li>\n<\/ul>\n<ol start=\"7\">\n<li><strong> Consulta diocesana<\/strong><\/li>\n<\/ol>\n<p>La consulta diocesana dell\u2019UPF \u00e8 rappresentativa del territorio e delle varie espressioni ecclesiali, coinvolgendo i soggetti che si dedicano ad attivit\u00e0 educative e di evangelizzazione. \u00c8 composta da:<\/p>\n<ul>\n<li>i direttori e i vicedirettori dell\u2019UPF;<\/li>\n<\/ul>\n<ul>\n<li>tre membri designati da ciascuna \u00e9quipe di area<\/li>\n<\/ul>\n<ul>\n<li style=\"list-style-type: none\">\n<ul>\n<li>i rappresentanti delle associazioni ecclesiali operanti in ambito di pastorale familiare;<\/li>\n<li>i rappresentanti degli organismi di ispirazione cristiana operanti in ambito di pastorale familiare;<\/li>\n<\/ul>\n<\/li>\n<\/ul>\n<ul>\n<li>persone esperte designate dai direttori.<\/li>\n<\/ul>\n<p>L\u2019elenco dei membri della Consulta \u00e8 presentato all\u2019arcivescovo prima dell\u2019inizio dell\u2019anno pastorale e deve essere da lui approvato. Non ci sono limiti di mandato.<\/p>\n<p>La Consulta si riunisce almeno due volte all\u2019anno, possibilmente con la presenza dell\u2019arcivescovo: prima dell\u2019inizio dell\u2019anno pastorale per elaborare linee d\u2019azione e programma; al termine dell\u2019anno per condividere la verifica di quanto pensato insieme.<\/p>\n<p>La consulta ha lo scopo di fornire all\u2019UPF criteri e indirizzi per la sua azione, in particolare:<\/p>\n<ul>\n<li>offrire un contributo di riflessione e di studio sulle questioni sottoposte alla sua attenzione dai direttori dell\u2019UPF;<\/li>\n<\/ul>\n<ul>\n<li>approfondire le linee pastorali diocesane e i documenti della CEI e della Santa Sede riguardanti l\u2019ambito di azione dell\u2019UPF;<\/li>\n<\/ul>\n<ul>\n<li>favorire il collegamento tra gli organismi ecclesiali e di ispirazione cristiana operanti nell\u2019ambito familiare;<\/li>\n<\/ul>\n<ul>\n<li>contribuire alla preparazione, all\u2019animazione e alla verifica dei convegni e delle iniziative a carattere diocesano.<\/li>\n<\/ul>\n<p>Secondo gli argomenti trattati, possono essere invitati alle singole riunioni enti ed esperti, anche non appartenenti alla comunit\u00e0 cristiana.<\/p>\n<ol start=\"8\">\n<li><strong> Commissioni<\/strong><\/li>\n<\/ol>\n<p>L\u2019UPF pu\u00f2 avvalersi, per l\u2019elaborazione di particolari tematiche, dell\u2019apporto di specifiche commissioni, i cui membri sono scelti dal direttore, sentito l\u2019arcivescovo. I loro membri durano in carica il tempo necessario all\u2019espletamento del compito assegnato.<\/p>\n<ol start=\"9\">\n<li><strong>9. Amministrazione<\/strong><\/li>\n<\/ol>\n<p>Alla direzione dell\u2019Ufficio, coadiuvata dal responsabile amministrativo, compete presentare, nei tempi utili, richiesta per ci\u00f2 che attiene i fondi per le spese correnti stimate in un budget di \u20ac 5.000 (cinquemila) annuo.<\/p>\n<p>Il reperimento di fondi diversi, per corsi o progetti di natura straordinaria, va concordato con l\u2019Economo diocesano e autorizzato dal vescovo<em>.<\/em><\/p>\n<p>Questo Ufficio Pastorale promuove, coordina e organizza tutte le iniziative che abbracciano la famiglia, considerata cellula fondamentale per la Chiesa e per la societ\u00e0.<\/p>\n","protected":false},"excerpt":{"rendered":"<p>UFFICIO DIOCESANO PER LA PASTORALE DELLA FAMIGLIA (UPF) REGOLAMENTO Natura L\u2019Ufficio diocesano per la pastorale della famiglia (UPF) \u00e8 l\u2019organismo per la cura e la promozione della pastorale diocesana a favore del matrimonio, della famiglia e dell&#8217;evangelizzazione della cultura della vita umana Finalit\u00e0 e compiti L\u2019UPF opera in riferimento al magistero pontificio, agli orientamenti della CEI, alle scelte pastorali indicate nel Libro sinodale della Chiesa di Lucca (La famiglia in cammino di fede e di&#8230;<\/p>\n","protected":false},"author":8,"featured_media":0,"parent":0,"menu_order":0,"comment_status":"closed","ping_status":"closed","template":"","meta":{"footnotes":""},"class_list":["post-54","page","type-page","status-publish","hentry"],"_links":{"self":[{"href":"https:\/\/www.diocesilucca.it\/famiglia\/wp-json\/wp\/v2\/pages\/54","targetHints":{"allow":["GET"]}}],"collection":[{"href":"https:\/\/www.diocesilucca.it\/famiglia\/wp-json\/wp\/v2\/pages"}],"about":[{"href":"https:\/\/www.diocesilucca.it\/famiglia\/wp-json\/wp\/v2\/types\/page"}],"author":[{"embeddable":true,"href":"https:\/\/www.diocesilucca.it\/famiglia\/wp-json\/wp\/v2\/users\/8"}],"replies":[{"embeddable":true,"href":"https:\/\/www.diocesilucca.it\/famiglia\/wp-json\/wp\/v2\/comments?post=54"}],"version-history":[{"count":4,"href":"https:\/\/www.diocesilucca.it\/famiglia\/wp-json\/wp\/v2\/pages\/54\/revisions"}],"predecessor-version":[{"id":1052,"href":"https:\/\/www.diocesilucca.it\/famiglia\/wp-json\/wp\/v2\/pages\/54\/revisions\/1052"}],"wp:attachment":[{"href":"https:\/\/www.diocesilucca.it\/famiglia\/wp-json\/wp\/v2\/media?parent=54"}],"curies":[{"name":"wp","href":"https:\/\/api.w.org\/{rel}","templated":true}]}}