{"id":42,"date":"2024-04-29T14:38:53","date_gmt":"2024-04-29T12:38:53","guid":{"rendered":"https:\/\/www.diocesilucca.it\/consultorio\/?page_id=42"},"modified":"2024-05-01T17:50:36","modified_gmt":"2024-05-01T15:50:36","slug":"mamma-e-figlia","status":"publish","type":"page","link":"https:\/\/www.diocesilucca.it\/consultorio\/mamma-e-figlia\/","title":{"rendered":"Mamma e Figlia"},"content":{"rendered":"\n<p><strong>INCONTRI MAMMA E FIGLIA<\/strong><br>Due incontri per mamme e figlie che si preparano alla prima mestruazione. Una modalit\u00e0 giocosa ed esperienziale per comprendere cosa succede durante la pubert\u00e0, per riconoscere i processi nascosti del ciclo mestruale, per vivere con gioia la propria femminilit\u00e0 in tutti i suoi aspetti, per aprirsi alla sessualit\u00e0 e all\u2019amore. Un momento prezioso, a volte divertente, a volte commovente, per creare complicit\u00e0 fra la mamma e la figlia.<\/p>\n\n\n\n<p><strong>Descrizione degli incontri<\/strong><br>Gli incontri \u201cMamma &amp; Figlia\u201d sono un momento educativo-formativo per la ragazza di circa 11 anni, nel momento dello sviluppo, accompagnata dalla mamma. Si tratta di due incontri di tre ore ciascuno sulle tematiche della sessualit\u00e0 e dell\u2019affettivit\u00e0, in gruppi di circa 7 coppie, in cerchio attorno ad un tavolo.<\/p>\n\n\n\n<p>Prendendo spunto dalle imminenti mestruazioni, si vuole dare un senso positivo alla femminilit\u00e0, alla maternit\u00e0, alla fertilit\u00e0.<\/p>\n\n\n\n<p>Non si tratta di lezioni frontali noiose, ma di laboratori interattivi originali e creativi, che utilizzano una didattica concreta e coinvolgente. Ad ogni ragazza verr\u00e0 consegnato un raccoglitore con delle schede, che potr\u00e0 completare in modo personale e originale.<\/p>\n\n\n\n<p>Durante il primo incontro, si comincia con la spiegazione di come siamo fatte e di come funzioniamo, ma niente lezioni di anatomia! Ci\u00f2 che conta \u00e8 dare un significato: l\u2019utero \u00e8 un nido morbido e accogliente e le ovaie sono cestini con ovetti di cioccolato. Le ragazze diventano consapevoli che le mestruazioni sono un servizio alla vita, perch\u00e9 il nido che si prepara ogni mese va disfatto e preparato ogni volta nuovo, finch\u00e9 non verr\u00e0 ad abitarci un bambino\u2026 anche se magari solo fra molti anni!<\/p>\n\n\n\n<p>Vengono spiegati anche i sintomi della fertilit\u00e0, che ogni donna pu\u00f2 conscere attraverso semplici segnali percepiti nella quotidianit\u00e0. \u00c8 importante che le ragazze ne siano informate, perch\u00e9 questa consapevolezza favorir\u00e0 in loro la maturit\u00e0 e la responsabilit\u00e0 necessarie nella gestione dei rapporti di coppia futuri.<\/p>\n\n\n\n<p>Il primo incontro si conclude riflettendo sulla femminilit\u00e0, sul nostro ruolo nell\u2019essere portatrici di \u201cbellezza\u201d e di cura anche fuori dal contesto della famiglia.<\/p>\n\n\n\n<p>Nel secondo incontro, la tematica verte intorno al maschile, cos\u00ec diverso nel modo di essere e di fare. Poi il concepimento e la nuova vita. L\u2019amicizia e l\u2019amore.<\/p>\n\n\n\n<p>Il ruolo della mamma \u00e8 fondamentale: l\u2019essere l\u00ec, insieme, a condividere emozioni, relazioni, conoscenze nuove, e a sperimentare la capacit\u00e0 di esprimersi su queste tematiche, spesso considerate ancora tab\u00f9, crea complicit\u00e0 e allena ad un dialogo profondo e autentico.<\/p>\n\n\n\n<p>La coppia Mamma&amp;Figlia si concede dunque due pomeriggi speciali. \u00c8 un\u2019opportunit\u00e0 per cercare significati e valori da condividere o da mettere in discussione. L\u2019esperienza vissuta insieme aprir\u00e0 nuove occasioni, una volta a casa, per approfondire e aprire nuove tematiche.<\/p>\n\n\n\n<p><strong>Chi sono le animatrici?<\/strong><br>Tutte le animatrici dei corsi Mamma&amp;Figlia sono insegnanti dei Metodi Naturali per la regolazione della fertilit\u00e0, sono dunque esperte per quanto riguarda il ciclo mestruale e la fertilit\u00e0, condividono il valore della vita, dell\u2019amore e dell\u2019accoglienza.<\/p>\n\n\n\n<p><strong>Come organizzare gli incontri<\/strong><br>Desiderate organizzare un corso Mamma &amp; Figlia?<br>Contattate l\u2019animatrice pi\u00f9 vicina e chiedete la sua disponibilit\u00e0.<\/p>\n\n\n\n<p>Cercate 6 o 7 coppie di mamme con figlie di et\u00e0 simile (5a elementare e prima media oppure prima e seconda media), un luogo adatto, possibilmente neutro (scuola, parrocchia, sala multiuso) con la possibilit\u00e0 di un grande tavolo (o per esempio 4 banchi di scuola accostati) con un cerchio di 13-15 sedie intorno, e un localino adiacente con 6-7 sedie o due panchine.<\/p>\n\n\n\n<p>Organizzate una bella merenda, chiedendo la collaborazione delle altre mamme.<\/p>\n\n\n\n<figure class=\"wp-block-image size-large\"><img loading=\"lazy\" decoding=\"async\" width=\"721\" height=\"1024\" src=\"https:\/\/www.diocesilucca.it\/consultorio\/wp-content\/uploads\/sites\/19\/2024\/04\/vol_A5_Mamma-Figlia-721x1024.jpg\" alt=\"\" class=\"wp-image-43\" srcset=\"https:\/\/www.diocesilucca.it\/consultorio\/wp-content\/uploads\/sites\/19\/2024\/04\/vol_A5_Mamma-Figlia-721x1024.jpg 721w, https:\/\/www.diocesilucca.it\/consultorio\/wp-content\/uploads\/sites\/19\/2024\/04\/vol_A5_Mamma-Figlia-211x300.jpg 211w, https:\/\/www.diocesilucca.it\/consultorio\/wp-content\/uploads\/sites\/19\/2024\/04\/vol_A5_Mamma-Figlia-768x1090.jpg 768w, https:\/\/www.diocesilucca.it\/consultorio\/wp-content\/uploads\/sites\/19\/2024\/04\/vol_A5_Mamma-Figlia-772x1096.jpg 772w, https:\/\/www.diocesilucca.it\/consultorio\/wp-content\/uploads\/sites\/19\/2024\/04\/vol_A5_Mamma-Figlia-135x192.jpg 135w, https:\/\/www.diocesilucca.it\/consultorio\/wp-content\/uploads\/sites\/19\/2024\/04\/vol_A5_Mamma-Figlia.jpg 839w\" sizes=\"auto, (max-width: 721px) 100vw, 721px\" \/><\/figure>\n","protected":false},"excerpt":{"rendered":"<p>INCONTRI MAMMA E FIGLIADue incontri per mamme e figlie che si preparano alla prima mestruazione. Una modalit\u00e0 giocosa ed esperienziale per comprendere cosa succede durante la pubert\u00e0, per riconoscere i processi nascosti del ciclo mestruale, per vivere con gioia la propria femminilit\u00e0 in tutti i suoi aspetti, per aprirsi alla sessualit\u00e0 e all\u2019amore. Un momento &hellip; <a href=\"https:\/\/www.diocesilucca.it\/consultorio\/mamma-e-figlia\/\" class=\"more-link\">Continua a leggere <span class=\"screen-reader-text\">Mamma e Figlia<\/span><\/a><\/p>\n","protected":false},"author":243,"featured_media":0,"parent":0,"menu_order":0,"comment_status":"closed","ping_status":"closed","template":"","meta":{"footnotes":""},"class_list":["post-42","page","type-page","status-publish","hentry"],"_links":{"self":[{"href":"https:\/\/www.diocesilucca.it\/consultorio\/wp-json\/wp\/v2\/pages\/42","targetHints":{"allow":["GET"]}}],"collection":[{"href":"https:\/\/www.diocesilucca.it\/consultorio\/wp-json\/wp\/v2\/pages"}],"about":[{"href":"https:\/\/www.diocesilucca.it\/consultorio\/wp-json\/wp\/v2\/types\/page"}],"author":[{"embeddable":true,"href":"https:\/\/www.diocesilucca.it\/consultorio\/wp-json\/wp\/v2\/users\/243"}],"replies":[{"embeddable":true,"href":"https:\/\/www.diocesilucca.it\/consultorio\/wp-json\/wp\/v2\/comments?post=42"}],"version-history":[{"count":2,"href":"https:\/\/www.diocesilucca.it\/consultorio\/wp-json\/wp\/v2\/pages\/42\/revisions"}],"predecessor-version":[{"id":112,"href":"https:\/\/www.diocesilucca.it\/consultorio\/wp-json\/wp\/v2\/pages\/42\/revisions\/112"}],"wp:attachment":[{"href":"https:\/\/www.diocesilucca.it\/consultorio\/wp-json\/wp\/v2\/media?parent=42"}],"curies":[{"name":"wp","href":"https:\/\/api.w.org\/{rel}","templated":true}]}}