{"id":2016,"date":"2022-02-27T22:40:21","date_gmt":"2022-02-27T21:40:21","guid":{"rendered":"https:\/\/www.diocesilucca.it\/catechesi\/?page_id=2016"},"modified":"2024-02-08T18:11:37","modified_gmt":"2024-02-08T17:11:37","slug":"sussidi-2","status":"publish","type":"page","link":"https:\/\/www.diocesilucca.it\/catechesi\/sussidi-2\/","title":{"rendered":"Sussidi"},"content":{"rendered":"\n<p>L\u2019Ufficio Catechistico Diocesano, nell\u2019ottica di una catechesi inclusiva e per tutti- nessuno escluso- in questa sezione del sito, mette a disposizione dei catechisti diocesani dei materiali e contributi che possono essere utilizzati nei percorsi parrocchiali di catechesi e di iniziazione cristiana. <\/p>\n\n\n\n<p>Lo scopo \u00e8 prioritariamente quello di condividere sussidi, gi\u00e0 utilizzati e sperimentati sia a livello nazionale che nelle chiese locali, per un approccio inclusivo ai contenuti che nelle varie fasi dei percorsi catechistici vengono proposti nelle realt\u00e0 parrocchiali.&nbsp;<\/p>\n\n\n\n<p>La finalit\u00e0&nbsp;&nbsp;\u00e8 quella di portare&nbsp;&nbsp;i linguaggi diversi nell\u2019ambito delle disabilit\u00e0 sensoriali e dei Bisogni Comunicativi Complessi in una prospettiva di inclusione, perch\u00e9 ogni persona con la propria disabilit\u00e0 possa poi&nbsp;&nbsp;approcciarsi alla Parola di Dio, alle esperienze catechistiche, ai momenti celebrativi e ai sacramenti.<\/p>\n\n\n\n<p>Le prime proposte che verranno presentate sono rivolte ai gruppi di bambini che iniziano i percorsi catechistici. Sono materiali che&nbsp;&nbsp;utilizzano la CAA ( Comunicazione Alternativa Aumentativa) che viene gi\u00e0 utilizzata in molti ambiti educativi per supportare quei bambini che non possono&nbsp;&nbsp;comprendere un testo scritto e hanno bisogno di un tipo di comunicazione diversa, che possa adattarsi a chi ha bisogni comunicativi complessi.&nbsp;<\/p>\n\n\n\n<p>Il valore aggiunto della proposta che intendiamo sviluppare a livello diocesano \u00e8 quello che i materiali presentati sono pensati per tutto il gruppo di catechesi e offrono la possibilit\u00e0 di essere adattati alle esigenze particolari di ciascun bambino. E\u2019 una proposta di cammino&nbsp;&nbsp;non solo per chi usa la comunicazione aumentativa alternativa, ma anche per tutti gli altri fanciulli o ragazzi.&nbsp;&nbsp;Questo aspetto \u00e8 molto importante perch\u00e9 non vogliamo proporre uno strumento per dividere i gruppi n\u00e9 per marginalizzare chi ha una disabilit\u00e0, ma per camminare tutti insieme.&nbsp;<\/p>\n\n\n\n<p class=\"has-medium-font-size\"><strong>Che cos\u2019\u00e8 la CAA?<\/strong><\/p>\n\n\n\n<p>La Comunicazione Aumentativa e Alternativa(CAA) rappresenta un\u2019area della pratica clinica che cerca di compensare la disabilit\u00e0 temporanea o permanente di persone con bisogni comunicativi complessi. Utilizza tutte le competenze comunicative della persona, includendo le vocalizzazioni o il linguaggio verbale esistente, i gesti, i segni, la comunicazione con ausili e la tecnologia avanzata.&nbsp;<\/p>\n\n\n\n<p>Non si tratta semplicemente di applicare una tecnica riabilitativa, ma di costruire un sistema flessibile su misura per ogni persona, da promuovere in tutti i momenti e luoghi della vita poich\u00e9 la comunicazione \u00e8 per ognuno di noi necessaria ed indispensabile in ogni momento.<\/p>\n\n\n\n<figure class=\"wp-block-image size-full\"><a href=\"https:\/\/www.diocesilucca.it\/catechesi\/wp-content\/uploads\/sites\/3\/2024\/02\/image.jpeg\"><img loading=\"lazy\" decoding=\"async\" width=\"517\" height=\"312\" src=\"https:\/\/www.diocesilucca.it\/catechesi\/wp-content\/uploads\/sites\/3\/2024\/02\/image.jpeg\" alt=\"\" class=\"wp-image-2105\" srcset=\"https:\/\/www.diocesilucca.it\/catechesi\/wp-content\/uploads\/sites\/3\/2024\/02\/image.jpeg 517w, https:\/\/www.diocesilucca.it\/catechesi\/wp-content\/uploads\/sites\/3\/2024\/02\/image-300x181.jpeg 300w\" sizes=\"auto, (max-width: 517px) 100vw, 517px\" \/><\/a><\/figure>\n\n\n\n<p>La prima proposta \u00e8 un semplice sussidio che pu\u00f2 essere presentato e sviluppato durante la Quaresima 2024.&nbsp;<\/p>\n\n\n\n<blockquote class=\"wp-block-quote is-layout-flow wp-block-quote-is-layout-flow\">\n<h2 class=\"wp-block-heading\"><\/h2>\n<\/blockquote>\n\n\n\n<div class=\"wp-block-cover\"><span aria-hidden=\"true\" class=\"wp-block-cover__background has-background-dim\"><\/span><img loading=\"lazy\" decoding=\"async\" width=\"329\" height=\"455\" class=\"wp-block-cover__image-background wp-image-2091\" alt=\"\" src=\"https:\/\/www.diocesilucca.it\/catechesi\/wp-content\/uploads\/sites\/3\/2024\/02\/Schermata-2024-02-08-alle-17.06.13.png\" data-object-fit=\"cover\" srcset=\"https:\/\/www.diocesilucca.it\/catechesi\/wp-content\/uploads\/sites\/3\/2024\/02\/Schermata-2024-02-08-alle-17.06.13.png 329w, https:\/\/www.diocesilucca.it\/catechesi\/wp-content\/uploads\/sites\/3\/2024\/02\/Schermata-2024-02-08-alle-17.06.13-217x300.png 217w\" sizes=\"auto, (max-width: 329px) 100vw, 329px\" \/><div class=\"wp-block-cover__inner-container is-layout-flow wp-block-cover-is-layout-flow\">\n<p class=\"has-text-align-center has-large-font-size\">SUSSIDIO &#8211; VIA CRUCIS<\/p>\n<\/div><\/div>\n\n\n\n<h2 class=\"wp-block-heading has-text-align-center\">Per visualizzare il sussidio clicca sul link<\/h2>\n\n\n\n<p class=\"has-text-align-center\"><a href=\"https:\/\/acrobat.adobe.com\/id\/urn:aaid:sc:EU:5b29eb49-2950-4c7f-bca6-67b760e1c582\">https:\/\/acrobat.adobe.com\/id\/urn:aaid:sc:EU:5b29eb49-2950-4c7f-bca6-67b760e1c582<\/a><\/p>\n\n\n\n<figure class=\"wp-block-pullquote\"><blockquote><p><\/p><\/blockquote><\/figure>\n\n\n<div class=\"wp-block-image\">\n<figure class=\"aligncenter size-full\"><a href=\"https:\/\/www.diocesilucca.it\/catechesi\/wp-content\/uploads\/sites\/3\/2022\/02\/Schermata-2022-02-27-alle-22.45.01.png\"><img loading=\"lazy\" decoding=\"async\" width=\"358\" height=\"553\" src=\"https:\/\/www.diocesilucca.it\/catechesi\/wp-content\/uploads\/sites\/3\/2022\/02\/Schermata-2022-02-27-alle-22.45.01.png\" alt=\"\" class=\"wp-image-2021\" srcset=\"https:\/\/www.diocesilucca.it\/catechesi\/wp-content\/uploads\/sites\/3\/2022\/02\/Schermata-2022-02-27-alle-22.45.01.png 358w, https:\/\/www.diocesilucca.it\/catechesi\/wp-content\/uploads\/sites\/3\/2022\/02\/Schermata-2022-02-27-alle-22.45.01-194x300.png 194w\" sizes=\"auto, (max-width: 358px) 100vw, 358px\" \/><\/a><\/figure>\n<\/div>\n\n\n<h1 class=\"wp-block-heading\">CATECHESI E PERSONE CON DISABILITA&#8217;<\/h1>\n\n\n\n<h2 class=\"wp-block-heading\">Un&#8217;attenzione necessaria nella vita quotidiana della Chiesa<\/h2>\n\n\n\n<p>\u00abLa Chiesa non pu\u00f2 essere &#8220;afona&#8221; o &#8220;stonata&#8221; nella difesa e promozione delle persone con disabilit\u00e0\u00bb. Partendo da questo invito di papa Francesco, il presente volume, curato da mons. Francesco Spinelli e mons. Eugene R. Sylva, officiali del Pontificio Consiglio per la Promozione della Nuova Evangelizzazione, vuole essere un aiuto concreto per formare catechisti e operatori pastorali sempre pi\u00f9 capaci di accompagnare persone con disabilit\u00e0, perch\u00e9 crescano nella fede e diano il loro apporto genuino alla vita della Chiesa.<\/p>\n\n\n\n<p>Avvalendosi del contributo di autori che hanno fatto della loro esistenza un impegno concreto a favore delle diverse forme di disabilit\u00e0, il testo offre preziose indicazioni per integrare queste persone nel cammino delle parrocchie e delle comunit\u00e0 ecclesiali. L&#8217;impegno verso le persone con disabilit\u00e0 non pu\u00f2 e non deve restare solo uno slogan, ma farsi vita e prassi pastorale.<\/p>\n\n\n\n<p>\u00c8 opportuno e importante, dunque, che la catechesi, con tutti i suoi metodi, stili e programmi, tenga conto anche e soprattutto di queste persone, non facendo sentire nessuno diverso, n\u00e9 tantomeno incapace dell&#8217;amore di Dio.<\/p>\n\n\n<div class=\"wp-block-image\">\n<figure class=\"aligncenter size-full\"><a href=\"https:\/\/www.diocesilucca.it\/catechesi\/wp-content\/uploads\/sites\/3\/2022\/02\/Schermata-2022-02-27-alle-22.46.52.png\"><img loading=\"lazy\" decoding=\"async\" width=\"483\" height=\"682\" src=\"https:\/\/www.diocesilucca.it\/catechesi\/wp-content\/uploads\/sites\/3\/2022\/02\/Schermata-2022-02-27-alle-22.46.52.png\" alt=\"\" class=\"wp-image-2022\" srcset=\"https:\/\/www.diocesilucca.it\/catechesi\/wp-content\/uploads\/sites\/3\/2022\/02\/Schermata-2022-02-27-alle-22.46.52.png 483w, https:\/\/www.diocesilucca.it\/catechesi\/wp-content\/uploads\/sites\/3\/2022\/02\/Schermata-2022-02-27-alle-22.46.52-212x300.png 212w\" sizes=\"auto, (max-width: 483px) 100vw, 483px\" \/><\/a><\/figure>\n<\/div>\n\n\n<h2 class=\"wp-block-heading\">NESSUNO ESCLUSO! <\/h2>\n\n\n\n<h2 class=\"wp-block-heading\">I riferimenti alle persone con disabilit\u00e0 nel magistero e nella catechesi ecclesiale<\/h2>\n\n\n\n<p>Il tema della disabilit\u00e0 \u00e8 trattato con frequenza in ambito scientifico e pedagogico, ma assai meno in ambito ecclesiale. Il volume intende sviluppare un argomento specifico, finora non approfondito in maniera sistematica negli studi di settore: l\u2019insieme dei pronunciamenti che, a vario livello, sono stati elaborati dal Magistero ecclesiale inerente alle persone con disabilit\u00e0. Questi documenti stanno promuovendo una pastorale con una prospettiva inclusiva: essi riconoscono che, in virt\u00f9 della dignit\u00e0 battesimale, le persone con disabilit\u00e0 sono a pieno titolo&nbsp;<em>christifideles<\/em>&nbsp;e hanno il diritto e la responsabilit\u00e0 di comunicare la fede, attraverso l\u2019utilizzo dei propri linguaggi.<br>La struttura del libro \u00e8 molto semplice, essendo distribuita in due grandi parti che comprendono, da un lato, i pronunciamenti del magistero ecclesiale vaticano e, dall\u2019altro, quello italiano. L\u2019insieme dei dati raccolti permette di cogliere l\u2019intuizione profetica ecclesiale circa il concetto di integrazione\/inclusione, subordinato al riconoscimento umano-cristiano della dignit\u00e0 della persona con disabilit\u00e0, soggetto ecclesiale a pieno titolo, come pure il ruolo della comunit\u00e0 sia nell\u2019accogliere la persona con disabilit\u00e0 sia nell\u2019attivare processi di formazione in \u00e9quipe e capace di utilizzare i cosiddetti \u201cplurimi linguaggi\u201d.<\/p>\n\n\n\n<p><strong>Suor Veronica Donatello<\/strong>, religiosa delle Francescane Alcantarine, \u00e8 responsabile presso la Conferenza Episcopale Italiana del Servizio Nazionale per la pastorale delle persone con disabilit\u00e0, gi\u00e0 responsabile del settore catechesi delle persone con disabilit\u00e0 presso l\u2019Ufficio Catechistico Nazionale. Docente invitato presso l\u2019Universit\u00e0 Pontificia Salesiana per il corso \u201cMetodologia catechetica: Persone con disabilit\u00e0\u201d, \u00e8 anche docente incaricato alla Pontificia Universit\u00e0 Urbaniana e al Pontificio Istituto Teologico Giovanni Paolo II. Studiosa e docente di Lingua dei segni nella religione cattolica, islamica ed ebraica, si occupa di formazione inclusiva sia nelle diocesi italiane che estere. \u00c8 inoltre autrice di libri e di contributi su riviste scientifiche sul tema della disabilit\u00e0 e inclusione.<\/p>\n\n\n\n<p><\/p>\n","protected":false},"excerpt":{"rendered":"<p>L\u2019Ufficio Catechistico Diocesano, nell\u2019ottica di una catechesi inclusiva e per tutti- nessuno escluso- in questa sezione del sito, mette a disposizione dei catechisti diocesani dei materiali e contributi che possono essere utilizzati nei percorsi parrocchiali di catechesi e di iniziazione cristiana. Lo scopo \u00e8 prioritariamente quello di condividere sussidi, gi\u00e0 utilizzati e sperimentati sia a&hellip;<\/p>\n","protected":false},"author":6,"featured_media":0,"parent":0,"menu_order":0,"comment_status":"closed","ping_status":"closed","template":"","meta":{"footnotes":""},"class_list":["post-2016","page","type-page","status-publish","hentry"],"_links":{"self":[{"href":"https:\/\/www.diocesilucca.it\/catechesi\/wp-json\/wp\/v2\/pages\/2016","targetHints":{"allow":["GET"]}}],"collection":[{"href":"https:\/\/www.diocesilucca.it\/catechesi\/wp-json\/wp\/v2\/pages"}],"about":[{"href":"https:\/\/www.diocesilucca.it\/catechesi\/wp-json\/wp\/v2\/types\/page"}],"author":[{"embeddable":true,"href":"https:\/\/www.diocesilucca.it\/catechesi\/wp-json\/wp\/v2\/users\/6"}],"replies":[{"embeddable":true,"href":"https:\/\/www.diocesilucca.it\/catechesi\/wp-json\/wp\/v2\/comments?post=2016"}],"version-history":[{"count":19,"href":"https:\/\/www.diocesilucca.it\/catechesi\/wp-json\/wp\/v2\/pages\/2016\/revisions"}],"predecessor-version":[{"id":2110,"href":"https:\/\/www.diocesilucca.it\/catechesi\/wp-json\/wp\/v2\/pages\/2016\/revisions\/2110"}],"wp:attachment":[{"href":"https:\/\/www.diocesilucca.it\/catechesi\/wp-json\/wp\/v2\/media?parent=2016"}],"curies":[{"name":"wp","href":"https:\/\/api.w.org\/{rel}","templated":true}]}}