{"id":1999,"date":"2022-02-27T22:16:03","date_gmt":"2022-02-27T21:16:03","guid":{"rendered":"https:\/\/www.diocesilucca.it\/catechesi\/?page_id=1999"},"modified":"2025-09-26T18:20:02","modified_gmt":"2025-09-26T16:20:02","slug":"catechesi-e-disabilita-2","status":"publish","type":"page","link":"https:\/\/www.diocesilucca.it\/catechesi\/catechesi-e-disabilita-2\/","title":{"rendered":"CATECHESI E DISABILITA&#8217;"},"content":{"rendered":"\n<p><\/p>\n\n\n\n<div class=\"wp-block-columns are-vertically-aligned-top is-layout-flex wp-container-core-columns-is-layout-9d6595d7 wp-block-columns-is-layout-flex\">\n<div class=\"wp-block-column is-vertically-aligned-top is-layout-flow wp-block-column-is-layout-flow\" style=\"flex-basis:100%\"><div class=\"wp-block-image\">\n<figure class=\"aligncenter size-full is-resized\"><a href=\"https:\/\/www.diocesilucca.it\/catechesi\/wp-content\/uploads\/sites\/3\/2022\/02\/LOGO-TUTTI-DENTRO.png\"><img loading=\"lazy\" decoding=\"async\" width=\"468\" height=\"170\" src=\"https:\/\/www.diocesilucca.it\/catechesi\/wp-content\/uploads\/sites\/3\/2022\/02\/LOGO-TUTTI-DENTRO.png\" alt=\"\" class=\"wp-image-2005\" style=\"width:487px;height:177px\" srcset=\"https:\/\/www.diocesilucca.it\/catechesi\/wp-content\/uploads\/sites\/3\/2022\/02\/LOGO-TUTTI-DENTRO.png 468w, https:\/\/www.diocesilucca.it\/catechesi\/wp-content\/uploads\/sites\/3\/2022\/02\/LOGO-TUTTI-DENTRO-300x109.png 300w\" sizes=\"auto, (max-width: 468px) 100vw, 468px\" \/><\/a><\/figure>\n<\/div><\/div>\n<\/div>\n\n\n\n<p><strong>Catechesi e persone con disabilit\u00e0<\/strong><br>La sollecitudine della Chiesa verso le persone con disabilit\u00e0 scaturisce dall\u2019agire di Dio. Seguendo il principio dell\u2019incarnazione del Figlio di Dio, il quale si rende presente in ogni situazione umana, la Chiesa riconosce nelle persone con disabilit\u00e0 la chiamata alla fede e ad una vita buona e piena di significato. Il tema della disabilit\u00e0 \u00e8 di grande importanza per l\u2019evangelizzazione e la formazione cristiana. Le comunit\u00e0 sono chiamate non solo a prendersi cura dei pi\u00f9 fragili, ma a riconoscere la presenza di Ges\u00f9 che si manifesta in loro in modo speciale. (Direttorio per la Catechesi nr.269)<br>\u00c8 compito delle Chiese locali aprirsi all\u2019accoglienza e alla presenza ordinaria delle persone con disabilit\u00e0 all\u2019interno dei percorsi di catechesi, attivandosi per una cultura dell\u2019inclusione contro la logica dello scarto. Le persone con disabilit\u00e0 intellettive vivono la relazione con Dio nell\u2019immediatezza della loro intuizione ed \u00e8 necessario e dignitoso accompagnarle nella vita di fede. Questo chiede che i catechisti cerchino nuovi canali comunicativi e metodi pi\u00f9 idonei per favorire l\u2019incontro con Ges\u00f9. Sono utili perci\u00f2 dinamiche e linguaggi esperienziali che implichino i cinque sensi e percorsi narrativi capaci di coinvolgere tutti i soggetti in maniera personale e significativa. Per questo servizio \u00e8 bene che alcuni catechisti ricevano una formazione specifica. I catechisti siano vicini anche alle famiglie delle persone con disabilit\u00e0, accompagnandole e favorendo il loro pieno inserimento nella comunit\u00e0. (Direttorio per la Catechesi nr. 271).<\/p>\n\n\n\n<p><strong>Obiettivi dell&#8217; Ufficio Catechistico Diocesano:<\/strong><\/p>\n\n\n\n<ul class=\"wp-block-list\">\n<li>sensibilizzare la Diocesi alla cura e alla crescita cristiana del bambino\/ragazzo con disabilit\u00e0 per lasciarsi raggiungere dalla ricchezza di ciascuno;<\/li>\n\n\n\n<li>sostenere e formare i catechisti e le famiglie dei ragazzi\/e con disabilit\u00e0 nella proposta di una catechesi sistematica, adatta alle possibilit\u00e0 di ciascuno;<\/li>\n\n\n\n<li>coinvolgere il bambino\/ ragazzo con disabilit\u00e0 e la sua famiglia nella vita ordinaria della parrocchia;<\/li>\n\n\n\n<li>acquisire la consapevolezza che il bambino con disabilit\u00e0 \u00e8, con la sua vita, non solo destinatario ma anche testimone del Regno di Dio e protagonista di evangelizzazione.<\/li>\n<\/ul>\n\n\n\n<p>Referenti: <strong>Grazia Mara<\/strong>.<\/p>\n\n\n\n<figure class=\"wp-block-pullquote\"><blockquote><p>Per approfondire suggeriamo&#8230;<\/p><\/blockquote><\/figure>\n\n\n\n<p>Di seguito indichiamo alcuni Libri e alcuni film per sensibilizzare sul tema della disabilit\u00e0 e della diversit\u00e0 e spiegare, attraverso differenti storie quanto la disabilit\u00e0 possa diventare risorsa se opportunamente sostenuta e bilanciata con i giusti mezzi o diventare ostacolo e sofferenza se accolta con indifferenza e pregiudizi.<\/p>\n\n\n\n<p><\/p>\n\n\n\n<h2 class=\"wp-block-heading\">LIBRI<\/h2>\n\n\n\n<ol class=\"wp-block-list\">\n<li><em>Giuseppe Pontiggia,\u00a0<strong>Nati due volte<\/strong>, Milano, Oscar Mondadori 2002.<\/em><\/li>\n<\/ol>\n\n\n\n<p>Un inno alla solidariet\u00e0, un\u2019invocazione accorata alla concessione di un semplice sorriso. In questo libro, vincitore del Premio Campiello 2001, Giuseppe Pontiggia fa rivivere la sua esperienza personale, quella di un padre che deve convivere con la situazione di handicap del figlio. Nati due volte \u00e8 un po\u2019 come una \u201cfinestra aperta\u201d sui problemi di una famiglia che vive la tragedia della malattia del figlio Paolo, colpito da tetraparesi spastica.<\/p>\n\n\n\n<ul class=\"wp-block-list\">\n<li><em>Giacomo Mazzariol,\u00a0<strong>Mio fratello rincorre i dinosauri<\/strong>. Storia mia e di Giovanni che ha un cromosoma in pi\u00f9, Torino, Einaudi 2016.<\/em><\/li>\n<\/ul>\n\n\n\n<p>Ci sono voluti dodici anni perch\u00e9 Giacomo imparasse a vedere davvero suo fratello, a entrare nel suo mondo. E a lasciare che gli cambiasse la vita.<\/p>\n\n\n\n<h2 class=\"wp-block-heading\">FILM (schede)<\/h2>\n\n\n\n<ul class=\"wp-block-list\">\n<li><strong><em>Non ci resta che vincere (Campeones)<\/em><\/strong><em>\u00a0&#8211; Regia di Javier Fesser, Spagna 2018, Commedia, 124 minuti<\/em><\/li>\n<\/ul>\n\n\n\n<p>&nbsp;&nbsp;&nbsp;&nbsp;&nbsp;&nbsp;&nbsp;&nbsp;&nbsp;&nbsp;&nbsp;&nbsp;&nbsp;&nbsp;&nbsp;&nbsp;&nbsp;Marco Montes \u00e8 allenatore in seconda della squadra di basket professionistica CB Estudiantes. Arrogante e incapace di rispettare le buone maniere viene licenziato per aver litigato con l&#8217;allenatore ufficiale durante una partita. In seguito si mette alla guida ubriaco e ha un incidente. Condotto davanti al giudice, viene condannato a nove mesi di servizi sociali che consistono nell&#8217;allenare la squadra di giocatori disabili &#8220;Los Amigos&#8221;\u2026.&nbsp;<\/p>\n\n\n\n<ul class=\"wp-block-list\">\n<li><strong><em>Il piccolo Nicolas e i suoi genitori (Le petit Nicolas)<\/em><\/strong><em>\u00a0&#8211; Regia di Laurent Tirard, Francia 2009, Commedia, 91 minuti<\/em><\/li>\n<\/ul>\n\n\n\n<p>Amato in famiglia, benvoluto dai propri compagni di scuola, il piccolo Nicolas vive una vita felice. Ma un giorno una conversazione tra i suoi genitori, lo induce a pensare che sia in arrivo un altro fratellino e il timore di seguire le sorti di Pollicino, di essere abbandonato nel mezzo di un bosco, lo assale&#8230;<\/p>\n\n\n\n<ul class=\"wp-block-list\">\n<li><strong><em>Stelle sulla terra (Taare Zameen Par)<\/em><\/strong><em>\u00a0&#8211; Regia: Aamir Khan, India 2007, Drammatico, 165 minuti<\/em><\/li>\n<\/ul>\n\n\n\n<p>Ishaan Nandkishore Awasthi \u00e8 un bambino di otto anni con grandi difficolt\u00e0 a scuola. Ripete la terza classe e ogni materia rappresenta un problema. Dopo un incontro con gli insegnanti, i genitori decidono di iscrivere il bambino in un collegio dove diventa amico di Rajan Damodran, il migliore studente della classe. Anche nel nuovo istituto il bambino non riesce per\u00f2 a fare progressi, fino all&#8217;arrivo di un nuovo maestro di arte, Ram Shankar Nikumbh o &#8220;Nikumbh Sir&#8221;. Il docente si rende subito conto che Ishaan \u00e8 un bambino dislessico\u2026<\/p>\n\n\n\n<ul class=\"wp-block-list\">\n<li><strong><em>La famiglia Belier (La famille B\u00e9lier)<\/em><\/strong><em>\u00a0&#8211; Regia di Eric Lartigau, Francia 2014, Commedia, 100 minuti<\/em><\/li>\n<\/ul>\n\n\n\n<p>Paula B\u00e9lier ha sedici anni e da altrettanti \u00e8 interprete e voce della sua famiglia. Perch\u00e9 i B\u00e9lier, agricoltori della Normandia, sono sordi. Paula, che intende e parla, \u00e8 il loro ponte col mondo: il medico, il veterinario, il sindaco e i clienti che al mercato acquistano i formaggi prodotti dalla loro azienda. Paula, divisa tra lavoro e liceo, scopre a scuola di avere una voce per andare lontano. Incoraggiata dal suo professore di musica, si iscrive al concorso canoro indetto da Radio France a Parigi\u2026&nbsp;<\/p>\n\n\n\n<ul class=\"wp-block-list\">\n<li><strong><em>Le chiavi di casa<\/em><\/strong><em>\u00a0&#8211; Regia di Gianni Amelio, Italia-Francia-Germania 2004, Drammatico, 105 minuti<\/em><\/li>\n<\/ul>\n\n\n\n<p>Gianni \u00e8 un giovane padre che ha abbandonato il figlio Paolo subito dopo la nascita. Il bambino \u00e8 nato affetto da handicap, mentre la giovane compagna di Gianni \u00e8 morta di parto. Quindici anni dopo l&#8217;uomo decide di fare la conoscenza del figlio: l&#8217;occasione \u00e8 data da un viaggio per portare il ragazzo in una clinica di Berlino per seguire alcune terapie\u2026.<\/p>\n\n\n\n<ul class=\"wp-block-list\">\n<li><strong><em>La mia fedele compagna (Front of the class)<\/em><\/strong><em>\u00a0&#8211; Regia di Peter Werner, Stati Uniti 2008, Drammatico, 95 minuti<\/em><\/li>\n<\/ul>\n\n\n\n<p>Da bambino, Brad Cohen scopre grazie all&#8217;interessamento della madre di essere affetto dalla sindrome di Tourette. Deriso dai compagni di classe e mal tollerato da maestri e professori che lo reputano elemento di disturbo durante lo svolgimento delle lezioni, Brad comincia ad odiare il mondo della scuola fino all&#8217;incontro con un preside capace di fargli cambiare idea e approccio, tanto da far nascere in lui il desiderio di divenire un insegnante\u2026&nbsp;<\/p>\n\n\n\n<ul class=\"wp-block-list\">\n<li><strong><em>Mio fratello rincorre i dinosauri<\/em><\/strong><em>\u00a0&#8211; Regia di Stefano Cipani &#8211; Italia 2019, durata 101 minuti<\/em><\/li>\n<\/ul>\n\n\n\n<p>Per il piccolo Jack la famiglia \u00e8 croce e delizia: delizia perch\u00e9 \u00e8 composta da due genitori spiritosi e democratici, croce perch\u00e9 le sorelle lo tiranneggiano, asserendo la loro &#8220;superiorit\u00e0 femminile&#8221;. Dunque la notizia dell&#8217;arrivo di un fratellino \u00e8 accolta da Jack come un trionfo personale, tantopi\u00f9 che quel fratellino, Gi\u00f2, si rivela davvero speciale, cio\u00e8 dotato del superpotere di &#8220;dar vita alle cose&#8221;. Ma Gi\u00f2 \u00e8 anche affetto dalla sindrome di Down&#8230;<\/p>\n\n\n\n<h2 class=\"wp-block-heading has-text-align-center has-luminous-vivid-amber-background-color has-background\">Roma: <em>Seminario Famiglia e Disabilit\u00e0<\/em><\/h2>\n\n\n<div class=\"wp-block-image\">\n<figure class=\"aligncenter size-large\"><a href=\"https:\/\/www.diocesilucca.it\/catechesi\/wp-content\/uploads\/sites\/3\/2022\/03\/Schermata-2022-03-21-alle-21.40.41.png\"><img loading=\"lazy\" decoding=\"async\" width=\"636\" height=\"1024\" src=\"https:\/\/www.diocesilucca.it\/catechesi\/wp-content\/uploads\/sites\/3\/2022\/03\/Schermata-2022-03-21-alle-21.40.41-636x1024.png\" alt=\"\" class=\"wp-image-2060\" srcset=\"https:\/\/www.diocesilucca.it\/catechesi\/wp-content\/uploads\/sites\/3\/2022\/03\/Schermata-2022-03-21-alle-21.40.41-636x1024.png 636w, https:\/\/www.diocesilucca.it\/catechesi\/wp-content\/uploads\/sites\/3\/2022\/03\/Schermata-2022-03-21-alle-21.40.41-186x300.png 186w, https:\/\/www.diocesilucca.it\/catechesi\/wp-content\/uploads\/sites\/3\/2022\/03\/Schermata-2022-03-21-alle-21.40.41.png 737w\" sizes=\"auto, (max-width: 636px) 100vw, 636px\" \/><\/a><\/figure>\n<\/div>","protected":false},"excerpt":{"rendered":"<p>Catechesi e persone con disabilit\u00e0La sollecitudine della Chiesa verso le persone con disabilit\u00e0 scaturisce dall\u2019agire di Dio. Seguendo il principio dell\u2019incarnazione del Figlio di Dio, il quale si rende presente in ogni situazione umana, la Chiesa riconosce nelle persone con disabilit\u00e0 la chiamata alla fede e ad una vita buona e piena di significato. Il&hellip;<\/p>\n","protected":false},"author":6,"featured_media":0,"parent":0,"menu_order":0,"comment_status":"closed","ping_status":"closed","template":"","meta":{"footnotes":""},"class_list":["post-1999","page","type-page","status-publish","hentry"],"_links":{"self":[{"href":"https:\/\/www.diocesilucca.it\/catechesi\/wp-json\/wp\/v2\/pages\/1999","targetHints":{"allow":["GET"]}}],"collection":[{"href":"https:\/\/www.diocesilucca.it\/catechesi\/wp-json\/wp\/v2\/pages"}],"about":[{"href":"https:\/\/www.diocesilucca.it\/catechesi\/wp-json\/wp\/v2\/types\/page"}],"author":[{"embeddable":true,"href":"https:\/\/www.diocesilucca.it\/catechesi\/wp-json\/wp\/v2\/users\/6"}],"replies":[{"embeddable":true,"href":"https:\/\/www.diocesilucca.it\/catechesi\/wp-json\/wp\/v2\/comments?post=1999"}],"version-history":[{"count":14,"href":"https:\/\/www.diocesilucca.it\/catechesi\/wp-json\/wp\/v2\/pages\/1999\/revisions"}],"predecessor-version":[{"id":2255,"href":"https:\/\/www.diocesilucca.it\/catechesi\/wp-json\/wp\/v2\/pages\/1999\/revisions\/2255"}],"wp:attachment":[{"href":"https:\/\/www.diocesilucca.it\/catechesi\/wp-json\/wp\/v2\/media?parent=1999"}],"curies":[{"name":"wp","href":"https:\/\/api.w.org\/{rel}","templated":true}]}}