{"id":1791,"date":"2020-10-31T19:05:44","date_gmt":"2020-10-31T18:05:44","guid":{"rendered":"https:\/\/www.diocesilucca.it\/catechesi\/?page_id=1791"},"modified":"2020-12-01T18:25:57","modified_gmt":"2020-12-01T17:25:57","slug":"in-cammino-junior","status":"publish","type":"page","link":"https:\/\/www.diocesilucca.it\/catechesi\/in-cammino-junior\/","title":{"rendered":"In Cammino Junior"},"content":{"rendered":"\n<p>Ti presentiamo la pagina <strong>In Cammino Junior<\/strong>, dedicata ai ragazzi con rubriche pensate appositamente per loro. La pagina \u00e8 all&#8217;interno del settimanale diocesano In Cammino, ed \u00e8 pubblicata nell&#8217;edizione dell&#8217;<strong>ultima domenica del mese.<\/strong> Perch\u00e8 \u00e8 qui? Perch\u00e8<strong> puoi partecipare anche tu<\/strong> alla rubrica &#8220;click alla mia terra&#8221;. Si tratta di un tuo scatto accompagnato da poche parole per cogliere una caratteristica o significato della foto. Per lo scatto puoi c<strong>onivolgere il tuo gruppo di catechesi<\/strong>. Un piccolo contributo per far conoscere la nostra diocesi attraversoi tuoi\/vostri occhi. Manda la tua foto all&#8217;indirizzo incammino@toscanaoggi.it o all&#8217;Ufficio Catechistico<\/p>\n\n\n\n<figure class=\"wp-block-image size-large\"><img loading=\"lazy\" decoding=\"async\" width=\"762\" height=\"1024\" src=\"https:\/\/www.diocesilucca.it\/catechesi\/wp-content\/uploads\/sites\/3\/2020\/10\/thumbnail_IMG-20201030-WA0004-762x1024.jpg\" alt=\"\" class=\"wp-image-1796\" srcset=\"https:\/\/www.diocesilucca.it\/catechesi\/wp-content\/uploads\/sites\/3\/2020\/10\/thumbnail_IMG-20201030-WA0004-762x1024.jpg 762w, https:\/\/www.diocesilucca.it\/catechesi\/wp-content\/uploads\/sites\/3\/2020\/10\/thumbnail_IMG-20201030-WA0004-223x300.jpg 223w, https:\/\/www.diocesilucca.it\/catechesi\/wp-content\/uploads\/sites\/3\/2020\/10\/thumbnail_IMG-20201030-WA0004-768x1033.jpg 768w, https:\/\/www.diocesilucca.it\/catechesi\/wp-content\/uploads\/sites\/3\/2020\/10\/thumbnail_IMG-20201030-WA0004.jpg 952w\" sizes=\"auto, (max-width: 762px) 100vw, 762px\" \/><\/figure>\n","protected":false},"excerpt":{"rendered":"<p>Ti presentiamo la pagina In Cammino Junior, dedicata ai ragazzi con rubriche pensate appositamente per loro. La pagina \u00e8 all&#8217;interno del settimanale diocesano In Cammino, ed \u00e8 pubblicata nell&#8217;edizione dell&#8217;ultima domenica del mese. Perch\u00e8 \u00e8 qui? Perch\u00e8 puoi partecipare anche tu alla rubrica &#8220;click alla mia terra&#8221;. Si tratta di un tuo scatto accompagnato da&hellip;<\/p>\n","protected":false},"author":6,"featured_media":0,"parent":0,"menu_order":0,"comment_status":"closed","ping_status":"closed","template":"","meta":{"footnotes":""},"class_list":["post-1791","page","type-page","status-publish","hentry"],"_links":{"self":[{"href":"https:\/\/www.diocesilucca.it\/catechesi\/wp-json\/wp\/v2\/pages\/1791","targetHints":{"allow":["GET"]}}],"collection":[{"href":"https:\/\/www.diocesilucca.it\/catechesi\/wp-json\/wp\/v2\/pages"}],"about":[{"href":"https:\/\/www.diocesilucca.it\/catechesi\/wp-json\/wp\/v2\/types\/page"}],"author":[{"embeddable":true,"href":"https:\/\/www.diocesilucca.it\/catechesi\/wp-json\/wp\/v2\/users\/6"}],"replies":[{"embeddable":true,"href":"https:\/\/www.diocesilucca.it\/catechesi\/wp-json\/wp\/v2\/comments?post=1791"}],"version-history":[{"count":3,"href":"https:\/\/www.diocesilucca.it\/catechesi\/wp-json\/wp\/v2\/pages\/1791\/revisions"}],"predecessor-version":[{"id":1800,"href":"https:\/\/www.diocesilucca.it\/catechesi\/wp-json\/wp\/v2\/pages\/1791\/revisions\/1800"}],"wp:attachment":[{"href":"https:\/\/www.diocesilucca.it\/catechesi\/wp-json\/wp\/v2\/media?parent=1791"}],"curies":[{"name":"wp","href":"https:\/\/api.w.org\/{rel}","templated":true}]}}