{"id":167,"date":"2016-12-11T16:18:37","date_gmt":"2016-12-11T15:18:37","guid":{"rendered":"http:\/\/diocesi.zurolo.com\/catechesi\/?page_id=167"},"modified":"2026-04-23T09:42:24","modified_gmt":"2026-04-23T07:42:24","slug":"percorsi","status":"publish","type":"page","link":"https:\/\/www.diocesilucca.it\/catechesi\/percorsi\/","title":{"rendered":"Percorsi"},"content":{"rendered":"<div class=\"wp-block-image\">\n<figure class=\"aligncenter size-full\"><a href=\"https:\/\/www.diocesilucca.it\/catechesi\/wp-content\/uploads\/sites\/3\/2026\/03\/loto-scritta.jpg\"><img loading=\"lazy\" decoding=\"async\" width=\"515\" height=\"302\" src=\"https:\/\/www.diocesilucca.it\/catechesi\/wp-content\/uploads\/sites\/3\/2026\/03\/loto-scritta.jpg\" alt=\"\" class=\"wp-image-2286\" srcset=\"https:\/\/www.diocesilucca.it\/catechesi\/wp-content\/uploads\/sites\/3\/2026\/03\/loto-scritta.jpg 515w, https:\/\/www.diocesilucca.it\/catechesi\/wp-content\/uploads\/sites\/3\/2026\/03\/loto-scritta-300x176.jpg 300w\" sizes=\"auto, (max-width: 515px) 100vw, 515px\" \/><\/a><\/figure>\n<\/div>\n\n\n<p>L\u2019ufficio per l\u2019evangelizzazione e la Catechesi propone un corso di accompagnamento per gli operatori pastorali nella conoscenza, comprensione e interiorizzazione del documento diocesano&nbsp;\u201cOtri Nuovi\u201d, progetto quadro promosso dal Vescovo come orientamento pastorale per la Chiesa locale.&nbsp;<\/p>\n\n\n\n<p>Il percorso formativo intende presentare i contenuti fondamentali del documento, illustrandone le linee guida e le prospettive operative. Il corso mira a favorire una visione comune, rafforzare il senso di corresponsabilit\u00e0 ecclesiale e offrire strumenti utili per una pastorale rinnovata, capace di rispondere alle sfide del tempo presente con spirito evangelico e attenzione ai segni dei tempi.<\/p>\n\n\n\n<p><strong>Istruzioni per l\u2019utilizzo del percorso formativo<\/strong><\/p>\n\n\n\n<p>Il percorso \u00e8 articolato in&nbsp;<strong>due moduli<\/strong>, ciascuno dei quali presenta i contenuti attraverso:<\/p>\n\n\n\n<ul class=\"wp-block-list\">\n<li>un&nbsp;<strong>filmato introduttivo<\/strong><\/li>\n\n\n\n<li>alcune&nbsp;<strong>slide commentate<\/strong><\/li>\n\n\n\n<li>la possibilit\u00e0 di&nbsp;<strong>scaricare il testo completo del commento<\/strong>, utile per l\u2019approfondimento personale o per la condivisione<\/li>\n<\/ul>\n\n\n\n<p><strong>Modalit\u00e0 di fruizione<\/strong><\/p>\n\n\n\n<p>Il percorso pu\u00f2 essere seguito&nbsp;<strong>individualmente<\/strong>, secondo i propri tempi e le proprie esigenze. Tuttavia, si raccomanda vivamente una fruizione&nbsp;<strong>in gruppo<\/strong>, all\u2019interno delle comunit\u00e0 parrocchiali o di \u00e9quipe pastorali.<\/p>\n\n\n\n<p>La dimensione comunitaria favorisce infatti:<\/p>\n\n\n\n<ul class=\"wp-block-list\">\n<li>un&nbsp;<strong>confronto costruttivo<\/strong>&nbsp;sui contenuti proposti<\/li>\n\n\n\n<li>una&nbsp;<strong>rilettura condivisa dell\u2019esperienza pastorale<\/strong><\/li>\n\n\n\n<li>una maggiore efficacia nel tradurre le indicazioni del documento nella vita concreta delle comunit\u00e0<\/li>\n<\/ul>\n\n\n\n<p><strong>Attivit\u00e0 laboratoriale<\/strong><\/p>\n\n\n\n<p>Il percorso prevede un&nbsp;<strong>terzo step<\/strong>, pensato in particolare per il lavoro di gruppo, che consiste in alcune&nbsp;<strong>schede operative<\/strong>&nbsp;per un\u2019attivit\u00e0 laboratoriale.<\/p>\n\n\n\n<p>Questa fase \u00e8 fondamentale per:<\/p>\n\n\n\n<ul class=\"wp-block-list\">\n<li>approfondire i contenuti emersi nei moduli<\/li>\n\n\n\n<li>stimolare il dialogo e la partecipazione attiva<\/li>\n\n\n\n<li>avviare processi di rinnovamento pastorale a partire dal documento<\/li>\n<\/ul>\n\n\n\n<p>Si consiglia, pertanto, di dedicare a questo momento un tempo adeguato e di individuare un facilitatore che possa accompagnare il confronto.<\/p>\n\n\n\n<p>Tutto il materiale \u00e8 disponibile sulla piattaforma ESARE della diocesi di Lucca. Potete accedervi tramite il link riportato qui sotto.<\/p>\n\n\n\n<p><a href=\"https:\/\/esare.it\/fad\/otri-nuovi-iniziamo-a-rendere-operativo-il-progetto\/#info#subscribe\">https:\/\/esare.it\/fad\/otri-nuovi-iniziamo-a-rendere-operativo-il-progetto\/#info#subscribe<\/a><\/p>\n\n\n\n<p><\/p>\n\n\n\n<p>L\u2019Ufficio catechistico, inoltre, sta promuovendo, nelle zone e nelle comunit\u00e0 che ne faranno richiesta, alcuni incontri per riflettere su come attuare quanto proposto dal documento diocesano \u201cOTRI NUOVI\u201d. Insieme rileggeremo e analizzeremo il testo, accompagnando le comunit\u00e0 nell\u2019attuazione del progetto, rivolto a tutti gli operatori pastorali.<\/p>\n\n\n\n<figure class=\"wp-block-image size-large\"><a href=\"https:\/\/www.diocesilucca.it\/catechesi\/wp-content\/uploads\/sites\/3\/2024\/04\/striscia-verde-scaled.jpg\"><img loading=\"lazy\" decoding=\"async\" width=\"1024\" height=\"244\" src=\"https:\/\/www.diocesilucca.it\/catechesi\/wp-content\/uploads\/sites\/3\/2024\/04\/striscia-verde-1024x244.jpg\" alt=\"\" class=\"wp-image-2131\" srcset=\"https:\/\/www.diocesilucca.it\/catechesi\/wp-content\/uploads\/sites\/3\/2024\/04\/striscia-verde-1024x244.jpg 1024w, https:\/\/www.diocesilucca.it\/catechesi\/wp-content\/uploads\/sites\/3\/2024\/04\/striscia-verde-300x71.jpg 300w, https:\/\/www.diocesilucca.it\/catechesi\/wp-content\/uploads\/sites\/3\/2024\/04\/striscia-verde-768x183.jpg 768w, https:\/\/www.diocesilucca.it\/catechesi\/wp-content\/uploads\/sites\/3\/2024\/04\/striscia-verde-1536x366.jpg 1536w, https:\/\/www.diocesilucca.it\/catechesi\/wp-content\/uploads\/sites\/3\/2024\/04\/striscia-verde-2048x487.jpg 2048w\" sizes=\"auto, (max-width: 1024px) 100vw, 1024px\" \/><\/a><\/figure>\n\n\n\n<h2 class=\"wp-block-heading alignwide has-white-color has-text-color has-link-color wp-elements-b2191be9bdf8c290dd2aa2286232ec7b\" id=\"we-re-a-studio-in-berlin-with-an-international-practice-in-architecture-urban-planning-and-interior-design-we-believe-in-sharing-knowledge-and-promoting-dialogue-to-increase-the-creative-potential-of-collaboration\" style=\"font-size:48px;line-height:1.1\">A<\/h2>\n\n\n\n<figure class=\"wp-block-gallery aligncenter has-nested-images columns-3 is-cropped wp-block-gallery-1 is-layout-flex wp-block-gallery-is-layout-flex\">\n<figure class=\"wp-block-image\"><img loading=\"lazy\" decoding=\"async\" width=\"300\" height=\"168\" data-id=\"1194\" src=\"https:\/\/www.diocesilucca.it\/catechesi\/wp-content\/uploads\/sites\/3\/2019\/03\/crossroads.jpg\" alt=\"\" class=\"wp-image-1194\" \/><\/figure>\n\n\n\n<figure class=\"wp-block-image\"><img loading=\"lazy\" decoding=\"async\" width=\"275\" height=\"183\" data-id=\"1195\" src=\"https:\/\/www.diocesilucca.it\/catechesi\/wp-content\/uploads\/sites\/3\/2019\/03\/RAILWAY2.jpg\" alt=\"\" class=\"wp-image-1195\" \/><figcaption class=\"wp-element-caption\"><em><strong>Manifesta al Signore la tua via, confida in lui: compir\u00e0 la sua opera<\/strong><\/em><\/figcaption><\/figure>\n\n\n\n<figure class=\"wp-block-image\"><img loading=\"lazy\" decoding=\"async\" width=\"276\" height=\"182\" data-id=\"1196\" src=\"https:\/\/www.diocesilucca.it\/catechesi\/wp-content\/uploads\/sites\/3\/2019\/03\/railway.jpg\" alt=\"\" class=\"wp-image-1196\" \/><\/figure>\n<\/figure>\n\n\n<h3 style=\"text-align: center\">\u00a0<\/h3>\n<h2>\u201cPercorso per accompagnatori di adulti\u201d<\/h2>\n<p>Percorso di 5 incontri, svolto dalla equipe dell\u2019 ufficio catechistico diocesano, per aiutare i catechisti\/educatori a conoscere l\u2019adulto e comprendere come si pone nell\u2019ambito della fede. Abilitarli a vivere e condurre incontri che portino alla scoperta\/riscoperta di Cristo pienezza di vita.<\/p>\n<p><em><strong>Per informazioni contattare l&#8217;ufficio catechistico.<\/strong><\/em><\/p>\n<div class=\"page\" title=\"Page 1\">\n<div class=\"layoutArea\">\n<div class=\"column\">\n<p>_____________________________________________________________________________________________<\/p>\n<h2>Schede di formazione per gruppi di catechisti<\/h2>\n<p>Le schede di autoformazione per gruppi di catechisti hanno l\u2019obiettivo di approfondire alcuni temi della catechesi nel contesto attuale. Il lavoro offerto ai catechisti si propone di far emergere la situazione vissuta dai singoli o dai gruppi e di fornire alcuni strumenti per cercare insieme delle risposte. Le schede, al momento, sono quattro e hanno questi: che cos\u2019\u00e8 la catechesi?; catechesi come formazione permanente; catechesi come formazione insieme e educare alla fede, educare alla vita. Il percorso proposto \u00e8 composto da quattro tappe ma si pu\u00f2 considerare anche modulare, nel senso che non \u00e8 strettamente necessario seguire la sequenza degli incontri o farli tutti. Questa scelta \u00e8 stata fatta per permettere ad ogni gruppo di organizzarsi secondo le proprie esigenze. La proposta di autoformazione per gruppi \u00e8 un piccolo esperimento per andare incontro ai catechisti e dialogare con loro. Per sviluppare al meglio questo modello saranno utili tutti i suggerimenti e nuove proposte o esigenza che nasceranno dalle riflessioni sviluppate durante lo svolgimento del percorso o gi\u00e0 maturate da alcuni catechisti.<\/p>\n<p>Per ogni precisazione di qualsiasi genere contattaci!!!<\/p>\n<\/div>\n<\/div>\n<\/div>\n<p><span style=\"color: #0000ff\"><a style=\"color: #0000ff\" href=\"https:\/\/www.diocesilucca.it\/catechesi\/wp-content\/uploads\/sites\/3\/2016\/12\/presentazione.pdf\" rel=\"\">presentazione<\/a>\u00a0 \u00a0<a style=\"color: #0000ff\" href=\"https:\/\/www.diocesilucca.it\/catechesi\/wp-content\/uploads\/sites\/3\/2016\/12\/incontro_1.pdf\" rel=\"\">incontro_1<\/a>\u00a0 \u00a0<a style=\"color: #0000ff\" href=\"https:\/\/www.diocesilucca.it\/catechesi\/wp-content\/uploads\/sites\/3\/2016\/12\/Incontro_2.pdf\" rel=\"\">incontro_2<\/a>\u00a0 \u00a0<a style=\"color: #0000ff\" href=\"https:\/\/www.diocesilucca.it\/catechesi\/wp-content\/uploads\/sites\/3\/2016\/12\/Incontro_3.pdf\" rel=\"\">incontro_3<\/a>\u00a0 \u00a0\u00a0<a style=\"color: #0000ff\" href=\"https:\/\/www.diocesilucca.it\/catechesi\/wp-content\/uploads\/sites\/3\/2016\/12\/Incontro_4.pdf\" rel=\"\">incontro_4<\/a><\/span><\/p>\n<p>_____________________________________________________________________________________________<\/p>\n<h2><strong><a href=\"http:\/\/www2.diocesilucca.it\/catechesi\/wp-content\/uploads\/sites\/3\/2018\/03\/Filippo.jpg\" rel=\"attachment wp-att-339\"><img loading=\"lazy\" decoding=\"async\" class=\"size-medium wp-image-339 alignleft\" src=\"http:\/\/www2.diocesilucca.it\/catechesi\/wp-content\/uploads\/sites\/3\/2018\/03\/Filippo-300x229.jpg\" alt=\"Stampa\" width=\"300\" height=\"229\" srcset=\"https:\/\/www.diocesilucca.it\/catechesi\/wp-content\/uploads\/sites\/3\/2018\/03\/Filippo-300x229.jpg 300w, https:\/\/www.diocesilucca.it\/catechesi\/wp-content\/uploads\/sites\/3\/2018\/03\/Filippo.jpg 652w\" sizes=\"auto, (max-width: 300px) 100vw, 300px\" \/><\/a><\/strong><\/h2>\n<h2>\u00a0<\/h2>\n<h2><strong>\u201cLa parola al catechista\u201d\u00a0<\/strong><strong>\u00a0<\/strong><\/h2>\n<h4><strong>percorso di 4 incontri di formazione per catechisti\u00a0<\/strong><\/h4>\n<p><em>Com\u2019\u00e8 strutturato?<\/em>\u00a0Il percorso si compone di quattro incontri. 1. Filippo ci educa. 2. La Parola\u00a0 ci\u00a0 legge. 3. Saliamo sul carro. 4. Donare la Parola.<br \/><em>Dove si svolge?<\/em>\u00a0Nelle zone che ne faranno richiesta secondo tempi, modi e luoghi da stabilire insieme.<br \/><em>A chi \u00e8 rivolto?<\/em>\u00a0A tutti i catechisti e a chi svolge il servizio di accompagnare altri nel cammino di fede.<\/p>","protected":false},"excerpt":{"rendered":"<p>L\u2019ufficio per l\u2019evangelizzazione e la Catechesi propone un corso di accompagnamento per gli operatori pastorali nella conoscenza, comprensione e interiorizzazione del documento diocesano&nbsp;\u201cOtri Nuovi\u201d, progetto quadro promosso dal Vescovo come orientamento pastorale per la Chiesa locale.&nbsp; Il percorso formativo intende presentare i contenuti fondamentali del documento, illustrandone le linee guida e le prospettive operative. Il&hellip;<\/p>\n","protected":false},"author":6,"featured_media":0,"parent":0,"menu_order":0,"comment_status":"closed","ping_status":"closed","template":"","meta":{"footnotes":""},"class_list":["post-167","page","type-page","status-publish","hentry"],"_links":{"self":[{"href":"https:\/\/www.diocesilucca.it\/catechesi\/wp-json\/wp\/v2\/pages\/167","targetHints":{"allow":["GET"]}}],"collection":[{"href":"https:\/\/www.diocesilucca.it\/catechesi\/wp-json\/wp\/v2\/pages"}],"about":[{"href":"https:\/\/www.diocesilucca.it\/catechesi\/wp-json\/wp\/v2\/types\/page"}],"author":[{"embeddable":true,"href":"https:\/\/www.diocesilucca.it\/catechesi\/wp-json\/wp\/v2\/users\/6"}],"replies":[{"embeddable":true,"href":"https:\/\/www.diocesilucca.it\/catechesi\/wp-json\/wp\/v2\/comments?post=167"}],"version-history":[{"count":52,"href":"https:\/\/www.diocesilucca.it\/catechesi\/wp-json\/wp\/v2\/pages\/167\/revisions"}],"predecessor-version":[{"id":2320,"href":"https:\/\/www.diocesilucca.it\/catechesi\/wp-json\/wp\/v2\/pages\/167\/revisions\/2320"}],"wp:attachment":[{"href":"https:\/\/www.diocesilucca.it\/catechesi\/wp-json\/wp\/v2\/media?parent=167"}],"curies":[{"name":"wp","href":"https:\/\/api.w.org\/{rel}","templated":true}]}}