{"id":1455,"date":"2019-05-24T16:08:46","date_gmt":"2019-05-24T14:08:46","guid":{"rendered":"https:\/\/www.diocesilucca.it\/catechesi\/?page_id=1455"},"modified":"2026-04-22T22:52:45","modified_gmt":"2026-04-22T20:52:45","slug":"genitori-figli","status":"publish","type":"page","link":"https:\/\/www.diocesilucca.it\/catechesi\/genitori-figli\/","title":{"rendered":"Genitori figli"},"content":{"rendered":"\n<div class=\"wp-block-media-text alignwide\"><figure class=\"wp-block-media-text__media\"><img loading=\"lazy\" decoding=\"async\" width=\"225\" height=\"225\" src=\"https:\/\/www.diocesilucca.it\/catechesi\/wp-content\/uploads\/sites\/3\/2019\/05\/famiglia-1.jpg\" alt=\"\" class=\"wp-image-1484 size-full\" srcset=\"https:\/\/www.diocesilucca.it\/catechesi\/wp-content\/uploads\/sites\/3\/2019\/05\/famiglia-1.jpg 225w, https:\/\/www.diocesilucca.it\/catechesi\/wp-content\/uploads\/sites\/3\/2019\/05\/famiglia-1-150x150.jpg 150w\" sizes=\"auto, (max-width: 225px) 100vw, 225px\" \/><\/figure><div class=\"wp-block-media-text__content\">\n<p class=\"has-luminous-vivid-amber-background-color has-background\" style=\"font-size:15px\">In questa sezione riportiamo on-line le risposte ricevute sulle esperienze di catechesi per l\u2019iniziazione cristiana in cui \u00e8 previsto il coinvolgimento delle famiglie. Desideriamo semplicemente mettere in circolazione le sperimentazioni o progetti presenti in diocesi per favorire una riflessione su questo tema decisivo per la catechesi. Il lavoro \u00e8 appena iniziato, quindi, \u00e8 ancora possibile inviare nuove esperienze. Per maggiori informazioni contatta direttamente l\u2019ufficio. Per scaricare la griglia <a href=\"https:\/\/www.diocesilucca.it\/catechesi\/wp-content\/uploads\/sites\/3\/2019\/01\/Griglia-per-raccogliere-le-esperienze.pdf\"> clicca qui&nbsp;<\/a>oppure consulta<a href=\"https:\/\/docs.google.com\/forms\/d\/e\/1FAIpQLSf0n8SgbWqkseTPrVECtE4eudD3cbuQca1p2e_PHQ_pm7MAGA\/formResponse\"> il modulo on line<\/a><\/p>\n\n\n\n<p><\/p>\n<\/div><\/div>\n\n\n\n<p class=\"has-luminous-vivid-amber-color has-very-light-gray-background-color has-text-color has-background\" style=\"font-size:23px\"><a href=\"https:\/\/www.diocesilucca.it\/catechesi\/wp-content\/uploads\/sites\/3\/2019\/05\/Arancio.pdf\"><strong>Arancio<\/strong>,&nbsp;<\/a><a href=\"https:\/\/www.diocesilucca.it\/catechesi\/wp-content\/uploads\/sites\/3\/2019\/05\/Bicchio.pdf\"><strong>Bicchio<\/strong><\/a>, <a href=\"https:\/\/www.diocesilucca.it\/catechesi\/wp-content\/uploads\/sites\/3\/2019\/05\/Lido-di-Camaiore.pdf\"><strong>Lido di Camaiore<\/strong><\/a>, <a href=\"https:\/\/www.diocesilucca.it\/catechesi\/wp-content\/uploads\/sites\/3\/2019\/05\/Pieve-San-Paolo.pdf\"><strong>Pieve San Paolo<\/strong>,<\/a> <a href=\"https:\/\/www.diocesilucca.it\/catechesi\/wp-content\/uploads\/sites\/3\/2019\/05\/Valfreddana.pdf\"><strong>Valfreddanasud<\/strong><\/a>,&nbsp; <br><\/p>\n\n\n\n<h2 class=\"wp-block-heading\"><strong>Raccolta esperienze di catechesi genitori figli<\/strong><\/h2>\n\n\n\n<p><span style=\"color: #000000\">L&#8217;ufficio catechstico si sta impegnando per la raccolta di esperinze di catechesi per l&#8217;iniziazione cristiana in cui sono coinvolte anche le famiglie.&nbsp;L\u2019obiettivo di questa iniziativa \u00e8 di raccogliere le esperienze presenti in Diocesi riguardo la catechesi e il coinvolgimento delle famiglie. La griglia \u00e8 stata pensata per raccogliere il materiale in base a dei criteri che permettano di garantire una lettura completa dell\u2019esperienza e un confronto tra le iniziative presenti sul territorio diocesano. Per questo rispondere al maggior numero di domande \u00e8 un servizio molto utile per favorire una migliore elaborazione degli elementi pi\u00f9 significativi. Lo studio delle proposte raccolte, permetter\u00e0 all\u2019ufficio catechistico di pensare a una pubblicazione da riproporre alla Diocesi. Di seguito \u00e8 possibile scaricare il file&nbsp; <a style=\"color: #000000\" href=\"https:\/\/www.diocesilucca.it\/catechesi\/wp-content\/uploads\/sites\/3\/2019\/01\/Griglia-per-raccogliere-le-esperienze.pdf\"><span style=\"color: #000080\">Griglia per raccogliere le esperienze.<\/span><\/a><\/span><\/p>\n","protected":false},"excerpt":{"rendered":"<p>In questa sezione riportiamo on-line le risposte ricevute sulle esperienze di catechesi per l\u2019iniziazione cristiana in cui \u00e8 previsto il coinvolgimento delle famiglie. Desideriamo semplicemente mettere in circolazione le sperimentazioni o progetti presenti in diocesi per favorire una riflessione su questo tema decisivo per la catechesi. Il lavoro \u00e8 appena iniziato, quindi, \u00e8 ancora possibile&hellip;<\/p>\n","protected":false},"author":6,"featured_media":0,"parent":0,"menu_order":0,"comment_status":"closed","ping_status":"closed","template":"","meta":{"footnotes":""},"class_list":["post-1455","page","type-page","status-publish","hentry"],"_links":{"self":[{"href":"https:\/\/www.diocesilucca.it\/catechesi\/wp-json\/wp\/v2\/pages\/1455","targetHints":{"allow":["GET"]}}],"collection":[{"href":"https:\/\/www.diocesilucca.it\/catechesi\/wp-json\/wp\/v2\/pages"}],"about":[{"href":"https:\/\/www.diocesilucca.it\/catechesi\/wp-json\/wp\/v2\/types\/page"}],"author":[{"embeddable":true,"href":"https:\/\/www.diocesilucca.it\/catechesi\/wp-json\/wp\/v2\/users\/6"}],"replies":[{"embeddable":true,"href":"https:\/\/www.diocesilucca.it\/catechesi\/wp-json\/wp\/v2\/comments?post=1455"}],"version-history":[{"count":7,"href":"https:\/\/www.diocesilucca.it\/catechesi\/wp-json\/wp\/v2\/pages\/1455\/revisions"}],"predecessor-version":[{"id":2318,"href":"https:\/\/www.diocesilucca.it\/catechesi\/wp-json\/wp\/v2\/pages\/1455\/revisions\/2318"}],"wp:attachment":[{"href":"https:\/\/www.diocesilucca.it\/catechesi\/wp-json\/wp\/v2\/media?parent=1455"}],"curies":[{"name":"wp","href":"https:\/\/api.w.org\/{rel}","templated":true}]}}