{"id":145,"date":"2017-07-16T14:28:08","date_gmt":"2017-07-16T12:28:08","guid":{"rendered":"https:\/\/www.diocesilucca.it\/archivio\/?page_id=145"},"modified":"2017-12-12T15:36:14","modified_gmt":"2017-12-12T14:36:14","slug":"patrimonio","status":"publish","type":"page","link":"https:\/\/www.diocesilucca.it\/archivio\/patrimonio\/","title":{"rendered":"Patrimonio"},"content":{"rendered":"<p>&nbsp;<\/p>\n<p>L\u2019Archivio Storico Diocesano riunisce al suo interno gli archivi arcivescovile e capitolare, a cui nel tempo si sono aggregati altri fondi documentari di parrocchie e di privati. Nel 1932 il Capitolo della Cattedrale ha chiesto all&#8217;Arcivescovo di trasferire il proprio archivio e la propria biblioteca nelle sale che gi\u00e0 ospitavano l&#8217;archivio arcivescovile.<\/p>\n<p><img loading=\"lazy\" decoding=\"async\" class=\"alignleft wp-image-500 size-medium\" src=\"https:\/\/www.diocesilucca.it\/archivio\/wp-content\/uploads\/sites\/9\/2017\/10\/2patrim-200x300.jpg\" alt=\"\" width=\"200\" height=\"300\" srcset=\"https:\/\/www.diocesilucca.it\/archivio\/wp-content\/uploads\/sites\/9\/2017\/10\/2patrim-200x300.jpg 200w, https:\/\/www.diocesilucca.it\/archivio\/wp-content\/uploads\/sites\/9\/2017\/10\/2patrim-768x1152.jpg 768w, https:\/\/www.diocesilucca.it\/archivio\/wp-content\/uploads\/sites\/9\/2017\/10\/2patrim-683x1024.jpg 683w\" sizes=\"auto, (max-width: 200px) 100vw, 200px\" \/><\/p>\n<p>L\u2019Archivio Storico Diocesano, istituito nel 2007, conserva ben cinque raccolte diplomatiche, per un totale di oltre 13.000 pergamene a partire dall&#8217;anno 685. Si tratta di documentazione che costituisce un <em>unicum<\/em> al mondo, per antichit\u00e0 e consistenza: sono conservati a Lucca oltre 1.800 documenti anteriori all&#8217;anno Mille, quasi tutti in originale, e soprattutto 156 pergamene di epoca longobarda, la met\u00e0 del patrimonio esistente al mondo per questo periodo storico.<br \/>\nOltre alle pergamene, l&#8217;archivio accoglie ad oggi sessantacinque fondi documentari: Cancelleria vescovile, Tribunale ecclesiastico nelle sue due sezioni civile e criminale (1.100 unit\u00e0, XIV-XIX secolo), Mensa arcivescovile (1.600 unit\u00e0 XIV-XIX secolo), Capitolo della Cattedrale di Lucca (2.200 unit\u00e0, XII-XVIII), Universit\u00e0 dei Beneficiati e Mansionari della Cattedrale di Lucca (600 unit\u00e0 XIII-XIX secolo), Decanato e Seminario di San Michele in Foro (250 unit\u00e0 secoli XIV-XIX), Enti\u00a0religiosi soppressi in epoca napoleonica (oltre 4.000 unit\u00e0 provenienti da conventi, monasteri e altre istituti cittadini e diocesani, XII-XVIII secolo), Demanio e Commissione ecclesiastica del periodo della Restaurazione (350 unit\u00e0 del XIX secolo), Opera e Fabbriceria di Santa Croce della Cattedrale di Lucca (680 unit\u00e0 XV-XIX secolo), Operaro Maggiore, ecc.<\/p>\n<p><img loading=\"lazy\" decoding=\"async\" class=\"alignright wp-image-499 size-thumbnail\" src=\"https:\/\/www.diocesilucca.it\/archivio\/wp-content\/uploads\/sites\/9\/2017\/10\/patrim-150x150.jpg\" alt=\"\" width=\"150\" height=\"150\" \/>Si conservano anche gli archivi di parrocchie soppresse della citt\u00e0 e della diocesi, unitamente a fondi di associazioni e\u00a0fondazioni e archivi di privati (Fondazione Artigianelli, collezione Giuseppe Martini, fondo Raffaello Baralli). L&#8217;Archivio custodisce anche alcuni preziosi nuclei librari, tra cui la Biblioteca Capitolare Feliniana e quella Arcivescovile.<\/p>\n<p>&nbsp;<\/p>\n<p>&nbsp;<\/p>\n<p>Consulta le pagine:<\/p>\n<p><a href=\"https:\/\/www.diocesilucca.it\/archivio\/archivi\/\">Archivi <\/a><\/p>\n<p><a href=\"https:\/\/www.diocesilucca.it\/archivio\/biblioteche\/\">Biblioteche<\/a><\/p>\n<p>&nbsp;<\/p>\n","protected":false},"excerpt":{"rendered":"<p>&nbsp; L\u2019Archivio Storico Diocesano riunisce al suo interno gli archivi arcivescovile e capitolare, a cui nel tempo si sono aggregati altri fondi documentari di parrocchie e di privati. Nel 1932 il Capitolo della Cattedrale ha chiesto all&#8217;Arcivescovo di trasferire il proprio archivio e la propria biblioteca nelle sale che gi\u00e0 ospitavano l&#8217;archivio arcivescovile. L\u2019Archivio Storico &#8230; <a title=\"Patrimonio\" class=\"read-more\" href=\"https:\/\/www.diocesilucca.it\/archivio\/patrimonio\/\" aria-label=\"Per saperne di pi\u00f9 su Patrimonio\">Leggi tutto<\/a><\/p>\n","protected":false},"author":1,"featured_media":0,"parent":0,"menu_order":0,"comment_status":"closed","ping_status":"closed","template":"","meta":{"footnotes":""},"class_list":["post-145","page","type-page","status-publish"],"_links":{"self":[{"href":"https:\/\/www.diocesilucca.it\/archivio\/wp-json\/wp\/v2\/pages\/145","targetHints":{"allow":["GET"]}}],"collection":[{"href":"https:\/\/www.diocesilucca.it\/archivio\/wp-json\/wp\/v2\/pages"}],"about":[{"href":"https:\/\/www.diocesilucca.it\/archivio\/wp-json\/wp\/v2\/types\/page"}],"author":[{"embeddable":true,"href":"https:\/\/www.diocesilucca.it\/archivio\/wp-json\/wp\/v2\/users\/1"}],"replies":[{"embeddable":true,"href":"https:\/\/www.diocesilucca.it\/archivio\/wp-json\/wp\/v2\/comments?post=145"}],"version-history":[{"count":87,"href":"https:\/\/www.diocesilucca.it\/archivio\/wp-json\/wp\/v2\/pages\/145\/revisions"}],"predecessor-version":[{"id":1336,"href":"https:\/\/www.diocesilucca.it\/archivio\/wp-json\/wp\/v2\/pages\/145\/revisions\/1336"}],"wp:attachment":[{"href":"https:\/\/www.diocesilucca.it\/archivio\/wp-json\/wp\/v2\/media?parent=145"}],"curies":[{"name":"wp","href":"https:\/\/api.w.org\/{rel}","templated":true}]}}